{"id":862,"date":"2021-05-22T13:41:52","date_gmt":"2021-05-22T11:41:52","guid":{"rendered":"https:\/\/pclec.eu\/politica-de-privadesa\/"},"modified":"2021-10-20T10:50:36","modified_gmt":"2021-10-20T08:50:36","slug":"privacy","status":"publish","type":"page","link":"https:\/\/pclec.eu\/it\/privacy\/","title":{"rendered":"Privacy"},"content":{"rendered":"<div class=\"fusion-fullwidth fullwidth-box fusion-builder-row-1 fusion-flex-container nonhundred-percent-fullwidth non-hundred-percent-height-scrolling\" style=\"--awb-border-radius-top-left:0px;--awb-border-radius-top-right:0px;--awb-border-radius-bottom-right:0px;--awb-border-radius-bottom-left:0px;--awb-flex-wrap:wrap;\" ><div class=\"fusion-builder-row fusion-row fusion-flex-align-items-flex-start fusion-flex-content-wrap\" style=\"max-width:1456px;margin-left: calc(-4% \/ 2 );margin-right: calc(-4% \/ 2 );\"><div class=\"fusion-layout-column fusion_builder_column fusion-builder-column-0 fusion_builder_column_1_1 1_1 fusion-flex-column\" style=\"--awb-bg-size:cover;--awb-width-large:100%;--awb-margin-top-large:0px;--awb-spacing-right-large:1.92%;--awb-margin-bottom-large:0px;--awb-spacing-left-large:1.92%;--awb-width-medium:100%;--awb-spacing-right-medium:1.92%;--awb-spacing-left-medium:1.92%;--awb-width-small:100%;--awb-spacing-right-small:1.92%;--awb-spacing-left-small:1.92%;\"><div class=\"fusion-column-wrapper fusion-flex-justify-content-flex-start fusion-content-layout-column\"><div class=\"fusion-text fusion-text-1\" style=\"--awb-text-font-family:&quot;Poppins&quot;;--awb-text-font-style:normal;--awb-text-font-weight:400;\"><h5 style=\"text-align: center;\"><strong>TRACTAMENT DE LES DADES DELS CENTRES EDUCATIUS PER A L\u2019APLICACI\u00d3 DE LES PROVES DE COMPRENSI\u00d3 LECTORA.<\/strong><\/h5>\n<h5>En aplicaci\u00f3 de la normativa vigent en mat\u00e8ria de protecci\u00f3 de dades de car\u00e0cter personal, en Jos\u00e9 Luis Castel Baldellou, com a president de l\u2019Associaci\u00f3 per a la Millora de la Comprensi\u00f3 Lectora (AMCL) informa del seg\u00fcent:<\/h5>\n<h5><strong>Responsable del tractament de les dades<\/strong><\/h5>\n<h5>Associaci\u00f3 per a la millora de la comprensi\u00f3 lectora (<a href=\"https:\/\/pclec.eu\/\">https:\/\/pclec.eu\/<\/a>)<\/h5>\n<h5><strong>\u00a0<\/strong><strong>Finalitat<\/strong><\/h5>\n<h5>El tractament de les dades personals de l\u2019alumnat i el professorat t\u00e9 com a finalitat el desenvolupament de les proves de comprensi\u00f3 lectora, la correcci\u00f3 de les mateixes i la informaci\u00f3 dels resultats.<\/h5>\n<h5><strong>\u00a0<\/strong><strong>Legitimaci\u00f3<\/strong><\/h5>\n<h5>Consentiment de les persones interessades, manifestat per la inscripci\u00f3 volunt\u00e0ria a l\u2019Associaci\u00f3 per a la Millora de la Comprensi\u00f3 Lectora (AMCL).<\/h5>\n<h5><strong>\u00a0<\/strong><strong>Destinataris<\/strong><\/h5>\n<h5>Les dades seran d\u2019\u00fas exclusiu del centre educatiu, tot i que els administradors tamb\u00e9 tinguin acc\u00e9s. No es comunicaran a cap altra persona o entitat, llevat de les obligacions legals.<\/h5>\n<h5><strong>\u00a0<\/strong><strong>Drets de les persones interessades<\/strong><\/h5>\n<h5>Podeu exercir els drets d\u2019acc\u00e9s, rectificaci\u00f3, supressi\u00f3, oposici\u00f3, portabilitat i limitaci\u00f3 davant el responsable mitjan\u00e7ant un correu electr\u00f2nic a <a href=\"mailto:provesdecomprensiolectora@gmail.com\">provesdecomprensiolectora@gmail.com<\/a>.<\/h5>\n<h5><strong>\u00a0<\/strong><strong>Tractament i vig\u00e8ncia<\/strong><\/h5>\n<h5>Les dades personals proporcionades es conservaran a l\u2019aplicaci\u00f3, mentre el centre educatiu la faci servir. En el moment que deixi de fer-la servir es donar\u00e0 de baixa el centre amb totes les dades personals.<\/h5>\n<h5>A qualsevol de les accions descrites nom\u00e9s tindran acc\u00e9s el centre educatiu (o les persones en qui delegui) i els administradors de l\u2019aplicaci\u00f3.<\/h5>\n<h5>Les dades personals de l\u2019alumnat i del professorat que es recullen mitjan\u00e7ant l\u2019aplicaci\u00f3 Proves de Comprensi\u00f3 Lectora es guarden en fitxers automatitzats espec\u00edfics, a l\u2019apartat Usuaris.<\/h5>\n<h5>El centre educatiu podr\u00e0 en qualsevol moment sol\u00b7licitar ser donat de baixa de l\u2019aplicaci\u00f3 Proves de Comprensi\u00f3 Lectora (<a href=\"https:\/\/pclec.eu\/\">https:\/\/pclec.eu\/<\/a>) a trav\u00e9s d\u2019un correu electr\u00f2nic dirigit a <a href=\"mailto:provesdecomprensiolectora@gmail.com\">provesdecomprensiolectora@gmail.com<\/a>.<\/h5>\n<h5>El centre educatiu podr\u00e0 donar de baixa de l\u2019aplicaci\u00f3 a qualsevol alumne\/a o professor\/a mitjan\u00e7ant l\u2019opci\u00f3 <strong>Eliminar <\/strong>situada\u00a0 l\u2019apartat <strong>Usuaris.<\/strong><\/h5>\n<h5><strong>\u00a0<\/strong><strong>Prove\u00efdors de Servei<\/strong><\/h5>\n<h5>El prove\u00efdor encarregat de l\u2019allotjament de les dades, contractat per l\u2019Associaci\u00f3 per a la Millora de la Comprensi\u00f3 Lectora \u00e9s STRATO (<a href=\"https:\/\/www.strato.es\/\">https:\/\/www.strato.es\/<\/a>).<\/h5>\n<h5><strong>\u00a0<\/strong><strong>Drets de propietat intel\u00b7lectual<\/strong><\/h5>\n<h5>L\u2019Associaci\u00f3 per a la Millora de la Comprensi\u00f3 Lectora \u00e9s titular dels drets d\u2019autor, de propietat intel\u00b7lectual, dels continguts de la web <a href=\"https:\/\/pclec.eu\/wordpress\/\">https:\/\/pclec.eu\/ <\/a>i dels serveis oferts. No est\u00e0 permesa la reproducci\u00f3, publicaci\u00f3 i\/o l\u2019\u00fas no privat dels continguts totals o parcials de la web <a href=\"https:\/\/pclec.eu\/wordpress\/\">https:\/\/pclec.eu\/<\/a>\u00a0sense el consentiment previ i per escrit de l\u2019Associaci\u00f3.<\/h5>\n<h5>Barcelona, a 1 de Juny de 2021<\/h5>\n<h5><\/h5>\n<p>&nbsp;<\/p>\n<\/div><\/div><\/div><\/div><\/div>\n","protected":false},"excerpt":{"rendered":"","protected":false},"author":1,"featured_media":0,"parent":0,"menu_order":0,"comment_status":"closed","ping_status":"open","template":"","meta":{"_acf_changed":false,"footnotes":""},"class_list":["post-862","page","type-page","status-publish","hentry"],"acf":[],"_links":{"self":[{"href":"https:\/\/pclec.eu\/it\/wp-json\/wp\/v2\/pages\/862","targetHints":{"allow":["GET"]}}],"collection":[{"href":"https:\/\/pclec.eu\/it\/wp-json\/wp\/v2\/pages"}],"about":[{"href":"https:\/\/pclec.eu\/it\/wp-json\/wp\/v2\/types\/page"}],"author":[{"embeddable":true,"href":"https:\/\/pclec.eu\/it\/wp-json\/wp\/v2\/users\/1"}],"replies":[{"embeddable":true,"href":"https:\/\/pclec.eu\/it\/wp-json\/wp\/v2\/comments?post=862"}],"version-history":[{"count":0,"href":"https:\/\/pclec.eu\/it\/wp-json\/wp\/v2\/pages\/862\/revisions"}],"wp:attachment":[{"href":"https:\/\/pclec.eu\/it\/wp-json\/wp\/v2\/media?parent=862"}],"curies":[{"name":"wp","href":"https:\/\/api.w.org\/{rel}","templated":true}]}}