{"id":863,"date":"2021-05-22T13:41:52","date_gmt":"2021-05-22T11:41:52","guid":{"rendered":"https:\/\/pclec.eu\/politica-de-privadesa\/"},"modified":"2021-09-18T20:26:21","modified_gmt":"2021-09-18T18:26:21","slug":"politica-de-privacidad","status":"publish","type":"page","link":"https:\/\/pclec.eu\/es\/politica-de-privacidad\/","title":{"rendered":"Pol\u00edtica de privacidad"},"content":{"rendered":"<div class=\"fusion-fullwidth fullwidth-box fusion-builder-row-1 fusion-flex-container nonhundred-percent-fullwidth non-hundred-percent-height-scrolling\" style=\"--awb-border-radius-top-left:0px;--awb-border-radius-top-right:0px;--awb-border-radius-bottom-right:0px;--awb-border-radius-bottom-left:0px;--awb-flex-wrap:wrap;\" ><div class=\"fusion-builder-row fusion-row fusion-flex-align-items-flex-start fusion-flex-content-wrap\" style=\"max-width:1456px;margin-left: calc(-4% \/ 2 );margin-right: calc(-4% \/ 2 );\"><div class=\"fusion-layout-column fusion_builder_column fusion-builder-column-0 fusion_builder_column_1_1 1_1 fusion-flex-column\" style=\"--awb-bg-size:cover;--awb-width-large:100%;--awb-margin-top-large:0px;--awb-spacing-right-large:1.92%;--awb-margin-bottom-large:0px;--awb-spacing-left-large:1.92%;--awb-width-medium:100%;--awb-spacing-right-medium:1.92%;--awb-spacing-left-medium:1.92%;--awb-width-small:100%;--awb-spacing-right-small:1.92%;--awb-spacing-left-small:1.92%;\"><div class=\"fusion-column-wrapper fusion-flex-justify-content-flex-start fusion-content-layout-column\"><div class=\"fusion-text fusion-text-1\" style=\"--awb-text-font-family:&quot;Poppins&quot;;--awb-text-font-style:normal;--awb-text-font-weight:400;\"><p><strong>TRATAMIENTO DE LOS DATOS DE LOS CENTROS EDUCATIVOS EN LA APLICACI\u00d3N DE LAS PRUEBAS DE COMPRENSI\u00d3N \u00a0LECTORA DE LA AMCL.<\/strong><\/p>\n<p>En aplicaci\u00f3n de la normativa vigente en materia de protecci\u00f3n de datos de car\u00e1cter personal, Jos\u00e9 Luis Castel Baldellou, como presidente de l\u2019Associaci\u00f3 per a la Millora de la Comprensi\u00f3 Lectora (AMCL) informa:<\/p>\n<p><strong>Responsable del tratamiento<\/strong><\/p>\n<p>Associaci\u00f3 per a la Millora de la Comprensi\u00f3 Lectora (<a href=\"https:\/\/pclec.eu\/\">https:\/\/pclec.eu\/<\/a>).<\/p>\n<p><strong>Finalidad<\/strong><\/p>\n<p>El tratamiento de los datos personales del alumnado y del profesorado tiene como finalidad el desarrollo de las pruebas de comprensi\u00f3n lectora, la correcci\u00f3n de las mismas y la informaci\u00f3n de los resultados.<\/p>\n<p><strong>Legitimaci\u00f3n<\/strong><\/p>\n<p>Consentimiento de las personas interesadas, manifestado per la inscripci\u00f3n voluntaria a la aplicaci\u00f3n de las Pruebas de Comprensi\u00f3n Lectora (PCL).<\/p>\n<p><strong>Destinatarios<\/strong><\/p>\n<p>Los datos ser\u00e1n de uso exclusivo del centro educativo, aunque los administradores tambi\u00e9n tengan acceso. No se comunicar\u00e1n a ninguna otra persona o entidad, excepto las obligaciones legales que as\u00ed lo requieran.<\/p>\n<p><strong>Derechos de las personas interesadas<\/strong><\/p>\n<p>Pueden ejercer los derechos de acceso, rectificaci\u00f3n, supresi\u00f3n, oposici\u00f3n, portabilidad y limitaci\u00f3n ante el responsable mediante un correo electr\u00f3nico a <a href=\"mailto:provesdecomprensiolectora@gmail.com\">provesdecomprensiolectora@gmail.com<\/a>.<\/p>\n<p><strong>Tratamiento y vigencia<\/strong><\/p>\n<p>Los datos personales proporcionados se conservar\u00e1n en la aplicaci\u00f3n, mientras el centro educativo la utilice. En el momento que deje de utilizarla se dar\u00e1 de baja al centro junto con todos los datos personales.<\/p>\n<p>A cualquiera de las acciones descritas s\u00f3lo tendr\u00e1n acceso el centro educativo (o las personas en las que delegue) as\u00ed como los administradores de la aplicaci\u00f3n.<\/p>\n<p>Los datos personales del alumnado y del profesorado que se recogen mediante la aplicaci\u00f3n Proves de Comprensi\u00f3 Lectora (https:\/\/pclec.eu), se guardan en ficheros automatizados espec\u00edficos, en el apartado Usuarios.<\/p>\n<p>El centro educativo podr\u00e1, en cualquier momento solicitar, ser dado de baja de la aplicaci\u00f3n Proves de Comprensi\u00f3 Lectora (<a href=\"https:\/\/pclec.eu\/\">https:\/\/pclec.eu\/<\/a>) a trav\u00e9s de un correo electr\u00f3nico dirigido a <a href=\"mailto:provesdecomprensiolectora@gmail.com\">provesdecomprensiolectora@gmail.com<\/a>.<\/p>\n<p>El centro educativo podr\u00e1 dar de baja de la aplicaci\u00f3n a cualquier alumno\/a o profesor\/a mediante la opci\u00f3n <strong>Eliminar <\/strong>situada en <strong>Gesti\u00f3n de Usuarios.<\/strong><\/p>\n<p><strong>Proveedores del Servicio<\/strong><\/p>\n<p>El proveedor encargado del alojamiento de los datos, contratado por l\u2019Associaci\u00f3 per a la Millora de la Comprensi\u00f3 Lectora (<a href=\"https:\/\/pclec.eu\/\">https:\/\/pclec.eu\/<\/a>) es STRATO <a href=\"https:\/\/www.strato.es\/\">(https:\/\/www.strato.es\/<\/a>).<\/p>\n<p><strong>\u00a0<\/strong><strong>Derechos de propiedad intelectual<\/strong><\/p>\n<p>L\u2019Associaci\u00f3 per a la Millora de la Comprensi\u00f3 Lectora es titular de los derechos de autor, de propiedad intelectual, de los contenidos de la web <a href=\"https:\/\/pclec.eu\/\">https:\/\/pclec.eu\/<\/a>\u00a0 y de los servicios ofrecidos. No est\u00e1 permitida la reproducci\u00f3n, publicaci\u00f3n y\/o el uso no privado de los contenidos totales o parciales de la web <a href=\"https:\/\/pclec.eu\/\">https:\/\/pclec.eu\/<\/a> sin el consentimiento previo y por escrito de l\u2019Associaci\u00f3.<\/p>\n<p>Barcelona, a 1 de junio de 2021<\/p>\n<\/div><\/div><\/div><\/div><\/div><!-- \/wp:post-content -->","protected":false},"excerpt":{"rendered":"","protected":false},"author":1,"featured_media":0,"parent":0,"menu_order":0,"comment_status":"closed","ping_status":"open","template":"","meta":{"_acf_changed":false,"footnotes":""},"class_list":["post-863","page","type-page","status-publish","hentry"],"acf":[],"_links":{"self":[{"href":"https:\/\/pclec.eu\/es\/wp-json\/wp\/v2\/pages\/863","targetHints":{"allow":["GET"]}}],"collection":[{"href":"https:\/\/pclec.eu\/es\/wp-json\/wp\/v2\/pages"}],"about":[{"href":"https:\/\/pclec.eu\/es\/wp-json\/wp\/v2\/types\/page"}],"author":[{"embeddable":true,"href":"https:\/\/pclec.eu\/es\/wp-json\/wp\/v2\/users\/1"}],"replies":[{"embeddable":true,"href":"https:\/\/pclec.eu\/es\/wp-json\/wp\/v2\/comments?post=863"}],"version-history":[{"count":0,"href":"https:\/\/pclec.eu\/es\/wp-json\/wp\/v2\/pages\/863\/revisions"}],"wp:attachment":[{"href":"https:\/\/pclec.eu\/es\/wp-json\/wp\/v2\/media?parent=863"}],"curies":[{"name":"wp","href":"https:\/\/api.w.org\/{rel}","templated":true}]}}