{"id":819,"date":"2021-09-01T14:20:21","date_gmt":"2021-09-01T12:20:21","guid":{"rendered":"https:\/\/pclec.eu\/?page_id=819"},"modified":"2021-10-18T18:59:37","modified_gmt":"2021-10-18T16:59:37","slug":"formulario-de-alta","status":"publish","type":"page","link":"https:\/\/pclec.eu\/es\/formulario-de-alta\/","title":{"rendered":"Formulario de alta"},"content":{"rendered":"<div class=\"fusion-fullwidth fullwidth-box fusion-builder-row-1 fusion-flex-container nonhundred-percent-fullwidth non-hundred-percent-height-scrolling\" style=\"--awb-border-radius-top-left:0px;--awb-border-radius-top-right:0px;--awb-border-radius-bottom-right:0px;--awb-border-radius-bottom-left:0px;--awb-flex-wrap:wrap;\" ><div class=\"fusion-builder-row fusion-row fusion-flex-align-items-flex-start fusion-flex-content-wrap\" style=\"max-width:1456px;margin-left: calc(-4% \/ 2 );margin-right: calc(-4% \/ 2 );\"><div class=\"fusion-layout-column fusion_builder_column fusion-builder-column-0 fusion_builder_column_1_1 1_1 fusion-flex-column\" style=\"--awb-bg-size:cover;--awb-width-large:100%;--awb-margin-top-large:0px;--awb-spacing-right-large:1.92%;--awb-margin-bottom-large:20px;--awb-spacing-left-large:1.92%;--awb-width-medium:100%;--awb-order-medium:0;--awb-spacing-right-medium:1.92%;--awb-spacing-left-medium:1.92%;--awb-width-small:100%;--awb-order-small:0;--awb-spacing-right-small:1.92%;--awb-spacing-left-small:1.92%;\"><div class=\"fusion-column-wrapper fusion-column-has-shadow fusion-flex-justify-content-flex-start fusion-content-layout-column\"><div class=\"fusion-text fusion-text-1\" style=\"--awb-text-font-family:&quot;Poppins&quot;;--awb-text-font-style:normal;--awb-text-font-weight:400;\"><p><span style=\"font-weight: 400;\">Al rellenar este formulario, el centro manifiesta su voluntad de formar parte de l\u2019Associaci\u00f3 per a la Millora de la Comprensi\u00f3 Lectora as\u00ed como de abonar la cuota anual de asociado (40\u20ac). Unos minutos despu\u00e9s de enviar el formulario, recibir\u00e1 un correo electr\u00f3nico con el resto de la informaci\u00f3n.<\/span><\/p>\n<p><span style=\"font-weight: 400;\">El centro puede acceder a la pol\u00edtica de privacidad de datos de la AMCL clicando en el enlace que se encuentra en la parte inferior del formulario.<\/span><\/p>\n<\/div>\t<div id=\"pclec-register\">\n\n\t\t<form class=\"register\" ref=\"register\" v-on:submit.prevent=\"registerNewUser\" autocomplete=\"off\">\n\n\t\t\t<div class=\"form-cols\">\n\t\t\t\t<div>\n\t\t\t\t\t<div class=\"input-wrapper\">\n\t\t\t\t\t\t<input type=\"text\" placeholder=\"Nombre del centro*\" name=\"name\" required \/>\n\t\t\t\t\t<\/div>\n\t\t\t\t\t<div class=\"input-wrapper\">\n\t\t\t\t\t\t<input type=\"text\" placeholder=\"C\u00f3digo del centro*\" name=\"code\" required \/>\n\t\t\t\t\t<\/div>\n\t\t\t\t\t<div class=\"input-wrapper\">\n\t\t\t\t\t\t<input type=\"text\" placeholder=\"Direcci\u00f3n del centro*\" name=\"address\" required \/>\n\t\t\t\t\t<\/div>\n\t\t\t\t\t<div class=\"input-wrapper double\">\n\t\t\t\t\t\t<input type=\"text\" placeholder=\"C\u00f3digo postal*\" name=\"zip_code\" required \/>\n\t\t\t\t\t\t<input type=\"text\" placeholder=\"Localidad*\" name=\"city\" required \/>\n\t\t\t\t\t<\/div>\n\t\t\t\t\t<div class=\"input-wrapper\">\n\t\t\t\t\t\t<select name=\"country\" required>\n\t\t\t\t\t\t\t<option value=\"\">Pa\u00eds*<\/option>\n\t\t\t\t\t\t\t<option value=\"es\">Espa\u00f1a<\/option>\n\t\t\t\t\t\t\t<option value=\"it\">Italia<\/option>\n\t\t\t\t\t\t<\/select>\n\t\t\t\t\t<\/div>\n\t\t\t\t<\/div>\n\t\t\t\t<div>\n\t\t\t\t\t<div class=\"input-wrapper\">\n\t\t\t\t\t\t<select name=\"etapa\" required>\n\t\t\t\t\t\t\t<option value=\"\">Etapa*<\/option>\n\t\t\t\t\t\t\t<option value=\"primaria\">Primaria<\/option>\n\t\t\t\t\t\t\t<option value=\"secundaria\">Secundaria<\/option>\n\t\t\t\t\t\t<\/select>\n\t\t\t\t\t<\/div>\n\t\t\t\t\t<div class=\"input-wrapper\">\n\t\t\t\t\t\t<select name=\"titularitat\" required>\n\t\t\t\t\t\t\t<option value=\"\">Titularidad*<\/option>\n\t\t\t\t\t\t\t<option value=\"publica\">P\u00fablica<\/option>\n\t\t\t\t\t\t\t<option value=\"privada\">Privada<\/option>\n\t\t\t\t\t\t<\/select>\n\t\t\t\t\t<\/div>\n\t\t\t\t\t<div class=\"input-wrapper\">\n\t\t\t\t\t\t<input type=\"text\" placeholder=\"NIF del centro*\" name=\"nif\" required \/>\n\t\t\t\t\t<\/div>\n\t\t\t\t\t<div class=\"input-wrapper\">\n\t\t\t\t\t\t<input type=\"email\" placeholder=\"Correo electr\u00f3nico del centro*\" name=\"email\" required \/>\n\t\t\t\t\t<\/div>\n\t\t\t\t\t<div class=\"input-wrapper double\">\n\t\t\t\t\t\t<input type=\"password\" placeholder=\"Contrase\u00f1a*\" name=\"pwd\" required \/>\n\t\t\t\t\t\t<input type=\"password\" placeholder=\"Repite la contrase\u00f1a*\" name=\"pwd2\" required \/>\n\t\t\t\t\t<\/div>\n\t\t\t\t<\/div>\n\t\t\t<\/div>\n\n\t\t\t<div class=\"obl\">* campos obligatorios<\/div>\n\n\t\t\t<div class=\"check\">\n\t\t\t\t<label>\n\t\t\t\t\t<input type=\"checkbox\" name=\"privacy\" required \/>\n\t\t\t\t\tAceptamos la <a href=\"https:\/\/pclec.eu\/es\/politica-de-privacidad\/\" target=\"_blank\">pol\u00edtica de privacidad<\/a>\t\t\t\t<\/label>\n\t\t\t<\/div>\n\n\t\t\t<div class=\"check\">\n\t\t\t\t<label>\n\t\t\t\t\t<input type=\"checkbox\" name=\"quota\" required \/>\n\t\t\t\t\tAceptamos que los administradores de la aplicaci\u00f3n den de alta de las PCL al centro con el compromiso de hacer efectiva la cuota anual de asociado.\t\t\t\t<\/label>\n\t\t\t<\/div>\n\n\t\t\t<input type=\"hidden\" name=\"action\" value=\"pclec_register_form_response\" \/>\n\t\t\t<input type=\"hidden\" name=\"nonce\" value=\"3f972fbaac\" \/>\n\t\t\t<button type=\"submit\" class=\"btn-4\">Alta<\/button>\n\n\t\t\t<ul class=\"ocv-success\" v-if=\"success.length\" v-on:click=\"success = []\">\n\t\t\t\t<li v-for=\"success_msg in success\">{{ success_msg }}<\/li>\n\t\t\t<\/ul>\n\n\t\t\t<ul class=\"ocv-errors\" v-if=\"errors.length\" v-on:click=\"errors = []\">\n\t\t\t\t<li v-for=\"error in errors\">{{ error.text }}<\/li>\n\t\t\t<\/ul>\n\t\t<\/form>\n\n\t\t<div class=\"ocv-loader-wrapper\" v-if=\"loading\">\n\t\t\t<div class=\"ocv-loader\">\n\t\t\t\t<span><\/span>\n\t\t\t\t<span><\/span>\n\t\t\t\t<span><\/span>\n\t\t\t\t<span><\/span>\n\t\t\t<\/div>\n\t\t<\/div>\n\n\t<\/div>\n\n\t<script type=\"text\/javascript\">\n\t\tvar pclecInjectData = {\"atts\":{\"type\":\"normal\"}};\n\t<\/script>\n\n<\/div><\/div><\/div><\/div>\n","protected":false},"excerpt":{"rendered":"","protected":false},"author":1,"featured_media":0,"parent":0,"menu_order":0,"comment_status":"closed","ping_status":"closed","template":"","meta":{"_acf_changed":false,"footnotes":""},"class_list":["post-819","page","type-page","status-publish","hentry"],"acf":[],"_links":{"self":[{"href":"https:\/\/pclec.eu\/es\/wp-json\/wp\/v2\/pages\/819","targetHints":{"allow":["GET"]}}],"collection":[{"href":"https:\/\/pclec.eu\/es\/wp-json\/wp\/v2\/pages"}],"about":[{"href":"https:\/\/pclec.eu\/es\/wp-json\/wp\/v2\/types\/page"}],"author":[{"embeddable":true,"href":"https:\/\/pclec.eu\/es\/wp-json\/wp\/v2\/users\/1"}],"replies":[{"embeddable":true,"href":"https:\/\/pclec.eu\/es\/wp-json\/wp\/v2\/comments?post=819"}],"version-history":[{"count":0,"href":"https:\/\/pclec.eu\/es\/wp-json\/wp\/v2\/pages\/819\/revisions"}],"wp:attachment":[{"href":"https:\/\/pclec.eu\/es\/wp-json\/wp\/v2\/media?parent=819"}],"curies":[{"name":"wp","href":"https:\/\/api.w.org\/{rel}","templated":true}]}}