{"id":783,"date":"2021-09-01T10:41:30","date_gmt":"2021-09-01T08:41:30","guid":{"rendered":"https:\/\/pclec.eu\/?page_id=783"},"modified":"2021-10-09T20:22:36","modified_gmt":"2021-10-09T18:22:36","slug":"faqs","status":"publish","type":"page","link":"https:\/\/pclec.eu\/es\/faqs\/","title":{"rendered":"FAQS"},"content":{"rendered":"<p><div class=\"fusion-fullwidth fullwidth-box fusion-builder-row-1 fusion-flex-container nonhundred-percent-fullwidth non-hundred-percent-height-scrolling\" style=\"--awb-border-radius-top-left:0px;--awb-border-radius-top-right:0px;--awb-border-radius-bottom-right:0px;--awb-border-radius-bottom-left:0px;--awb-flex-wrap:wrap;\" ><div class=\"fusion-builder-row fusion-row fusion-flex-align-items-flex-start fusion-flex-content-wrap\" style=\"max-width:1456px;margin-left: calc(-4% \/ 2 );margin-right: calc(-4% \/ 2 );\"><div class=\"fusion-layout-column fusion_builder_column fusion-builder-column-0 fusion_builder_column_1_2 1_2 fusion-flex-column\" style=\"--awb-bg-size:cover;--awb-border-color:#727272;--awb-border-style:dotted;--awb-width-large:50%;--awb-margin-top-large:0px;--awb-spacing-right-large:3.84%;--awb-margin-bottom-large:20px;--awb-spacing-left-large:3.84%;--awb-width-medium:50%;--awb-order-medium:0;--awb-spacing-right-medium:3.84%;--awb-spacing-left-medium:3.84%;--awb-width-small:100%;--awb-order-small:0;--awb-spacing-right-small:1.92%;--awb-spacing-left-small:1.92%;\"><div class=\"fusion-column-wrapper fusion-column-has-shadow fusion-flex-justify-content-flex-start fusion-content-layout-column\"><div class=\"fusion-separator fusion-full-width-sep\" style=\"align-self: center;margin-left: auto;margin-right: auto;margin-top:5px;margin-bottom:25px;width:100%;\"><div class=\"fusion-separator-border sep-single sep-dotted\" style=\"--awb-height:20px;--awb-amount:20px;--awb-sep-color:#727272;border-color:#727272;border-top-width:2px;\"><\/div><\/div><div class=\"fusion-text fusion-text-1 fusion-text-no-margin\" style=\"--awb-margin-bottom:10px;--awb-text-font-family:&quot;Poppins&quot;;--awb-text-font-style:normal;--awb-text-font-weight:400;\"><p style=\"margin: 0cm; margin-bottom: .0001pt; background: #F7F7EE;\"><strong><span style=\"font-family: 'Poppins','serif'; color: #e10713;\">01.<\/span><\/strong><strong><span style=\"font-family: 'Poppins','serif'; color: black;\">\u00a0\u00bfQui\u00e9n puede utilizar las Pruebas de Comprensi\u00f3n Lectora?<\/span><\/strong><\/p>\n<\/div><div class=\"fusion-text fusion-text-2\" style=\"--awb-text-font-family:&quot;Poppins&quot;;--awb-text-font-style:normal;--awb-text-font-weight:400;\"><p>La aplicaci\u00f3n est\u00e1 pensada para ser utilizada con alumnado de Educaci\u00f3n Primaria, pero se puede aplicar en otras etapas educativas.<\/p>\n<\/div><div class=\"fusion-separator fusion-full-width-sep\" style=\"align-self: center;margin-left: auto;margin-right: auto;margin-top:5px;margin-bottom:25px;width:100%;\"><div class=\"fusion-separator-border sep-single sep-dotted\" style=\"--awb-height:20px;--awb-amount:20px;--awb-sep-color:#727272;border-color:#727272;border-top-width:2px;\"><\/div><\/div><div class=\"fusion-text fusion-text-3 fusion-text-no-margin\" style=\"--awb-margin-bottom:10px;--awb-text-font-family:&quot;Poppins&quot;;--awb-text-font-style:normal;--awb-text-font-weight:400;\"><p style=\"margin: 0cm; margin-bottom: .0001pt; background: #F7F7EE;\"><strong><span style=\"font-family: 'Poppins','serif'; color: #e10713;\">02.<\/span><\/strong><strong><span style=\"font-family: 'Poppins','serif'; color: black;\">\u00a0\u00bfQu\u00e9 hay que hacer si la escuela quiere utilizar las pruebas?<\/span><\/strong><\/p>\n<\/div><div class=\"fusion-text fusion-text-4\" style=\"--awb-text-font-family:&quot;Poppins&quot;;--awb-text-font-style:normal;--awb-text-font-weight:400;\"><p>El centro debe darse de alta como socio de la AMCL. Hay que clicar en el bot\u00f3n <strong>ALTA<\/strong>, situado en la parte inferior derecha de la web, rellenar el formulario de solicitud de alta y abonar la cuota anual. Una vez el centro haya recibido el OK de la AMCL,\u00a0 ya podr\u00e1 utilizar la aplicaci\u00f3n.<\/p>\n<\/div><div class=\"fusion-separator fusion-full-width-sep\" style=\"align-self: center;margin-left: auto;margin-right: auto;margin-top:5px;margin-bottom:25px;width:100%;\"><div class=\"fusion-separator-border sep-single sep-dotted\" style=\"--awb-height:20px;--awb-amount:20px;--awb-sep-color:#727272;border-color:#727272;border-top-width:2px;\"><\/div><\/div><div class=\"fusion-text fusion-text-5 fusion-text-no-margin\" style=\"--awb-margin-bottom:10px;--awb-text-font-family:&quot;Poppins&quot;;--awb-text-font-style:normal;--awb-text-font-weight:400;\"><p style=\"margin: 0cm; margin-bottom: .0001pt; background: #F7F7EE;\"><strong><span style=\"font-family: 'Poppins','serif'; color: #e10713;\">03.<\/span><\/strong><strong><span style=\"font-family: 'Poppins','serif'; color: black;\">\u00a0\u00bfEn qu\u00e9 lenguas se pueden realizar las pruebas?<\/span><\/strong><\/p>\n<\/div><div class=\"fusion-text fusion-text-6\" style=\"--awb-text-font-family:&quot;Poppins&quot;;--awb-text-font-style:normal;--awb-text-font-weight:400;\"><p style=\"background: #F7F7EE; margin: 0cm 0cm 15.0pt 0cm;\"><span style=\"font-family: 'Poppins','serif'; color: black;\">En catal\u00e1n, castellano, ingl\u00e9s e italiano. Las pruebas de ingl\u00e9s se han dise\u00f1ado considerando que es segunda lengua. Cada centro decide qu\u00e9 pruebas quiere pasar y a qu\u00e9 cursos. <\/span><\/p>\n<\/div><div class=\"fusion-separator fusion-full-width-sep\" style=\"align-self: center;margin-left: auto;margin-right: auto;margin-top:5px;margin-bottom:25px;width:100%;\"><div class=\"fusion-separator-border sep-single sep-dotted\" style=\"--awb-height:20px;--awb-amount:20px;--awb-sep-color:#727272;border-color:#727272;border-top-width:2px;\"><\/div><\/div><div class=\"fusion-text fusion-text-7 fusion-text-no-margin\" style=\"--awb-margin-bottom:10px;--awb-text-font-family:&quot;Poppins&quot;;--awb-text-font-style:normal;--awb-text-font-weight:400;\"><p style=\"margin: 0cm; margin-bottom: .0001pt; background: #F7F7EE;\"><strong><span style=\"font-family: 'Poppins','serif'; color: #e10713;\">04.<\/span><\/strong><strong><span style=\"font-family: 'Poppins','serif'; color: black;\">\u00a0\u00bf<\/span><\/strong><b><span style=\"font-family: 'Poppins','serif'; color: black;\">Cu\u00e1nto cuesta utilizar la aplicaci\u00f3n de las Pruebas de Comprensi\u00f3n Lectora?<\/span><\/b><\/p>\n<\/div><div class=\"fusion-text fusion-text-8\" style=\"--awb-text-font-family:&quot;Poppins&quot;;--awb-text-font-style:normal;--awb-text-font-weight:400;\"><p style=\"background: #F7F7EE; margin: 0cm 0cm 15.0pt 0cm;\"><span style=\"font-family: 'Poppins','serif'; color: black;\">El centro debe darse de alta como socio de la AMCL. <b>La cuota anual es de 40\u20ac. <\/b>Esta cuota da derecho que todo el alumnado del centro pueda realizar las Pruebas de Comprensi\u00f3n Lectora. Tambi\u00e9n incluye una sesi\u00f3n de formaci\u00f3n para dos personas de la escuela as\u00ed como ayuda telem\u00e1tica y telef\u00f3nica necesaria.<\/span><\/p>\n<\/div><div class=\"fusion-separator fusion-full-width-sep\" style=\"align-self: center;margin-left: auto;margin-right: auto;margin-top:5px;margin-bottom:25px;width:100%;\"><div class=\"fusion-separator-border sep-single sep-dotted\" style=\"--awb-height:20px;--awb-amount:20px;--awb-sep-color:#727272;border-color:#727272;border-top-width:2px;\"><\/div><\/div><div class=\"fusion-text fusion-text-9 fusion-text-no-margin\" style=\"--awb-margin-bottom:10px;--awb-text-font-family:&quot;Poppins&quot;;--awb-text-font-style:normal;--awb-text-font-weight:400;\"><p style=\"margin: 0cm; margin-bottom: .0001pt; background: #F7F7EE;\"><strong><span style=\"font-family: 'Poppins','serif'; color: #e10713;\">05.<\/span><\/strong><strong><span style=\"font-family: 'Poppins','serif'; color: black;\">\u00a0\u00bfQu\u00e9 cursos pueden realizar las pruebas?<\/span><\/strong><\/p>\n<\/div><div class=\"fusion-text fusion-text-10\" style=\"--awb-text-font-family:&quot;Poppins&quot;;--awb-text-font-style:normal;--awb-text-font-weight:400;\"><p style=\"background: #F7F7EE; margin: 0cm 0cm 15.0pt 0cm;\"><span style=\"font-family: 'Poppins','serif'; color: black;\">En catal\u00e1n y castellano, las pruebas est\u00e1n dise\u00f1adas para que se puedan hacer desde segundo hasta sexto. En ingl\u00e9s desde tercero hasta sexto. Y en italiano desde segundo hasta quinto.<\/span><\/p>\n<\/div><div class=\"fusion-separator fusion-full-width-sep\" style=\"align-self: center;margin-left: auto;margin-right: auto;margin-top:5px;margin-bottom:25px;width:100%;\"><div class=\"fusion-separator-border sep-single sep-dotted\" style=\"--awb-height:20px;--awb-amount:20px;--awb-sep-color:#727272;border-color:#727272;border-top-width:2px;\"><\/div><\/div><div class=\"fusion-text fusion-text-11 fusion-text-no-margin\" style=\"--awb-margin-bottom:10px;--awb-text-font-family:&quot;Poppins&quot;;--awb-text-font-style:normal;--awb-text-font-weight:400;\"><p style=\"margin: 0cm; margin-bottom: .0001pt; background: #F7F7EE;\"><strong><span style=\"font-family: 'Poppins','serif'; color: #e10713;\">06.<\/span><\/strong><strong><span style=\"font-family: 'Poppins','serif'; color: black;\">\u00a0\u00bfCu\u00e1ntas veces se pueden pasar las pruebas durante el curso?<\/span><\/strong><\/p>\n<\/div><div class=\"fusion-text fusion-text-12\" style=\"--awb-text-font-family:&quot;Poppins&quot;;--awb-text-font-style:normal;--awb-text-font-weight:400;\"><p style=\"background: #F7F7EE; margin: 0cm 0cm 15.0pt 0cm;\"><span style=\"font-family: 'Poppins','serif'; color: black;\">La aplicaci\u00f3n permite pasar las pruebas un m\u00e1ximo de dos veces durante el curso (normalmente al principio y al final). Pero no es obligatorio. Cada centro decide cuantas veces las pasa, y tambi\u00e9n en qu\u00e9 momentos del curso.<\/span><\/p>\n<\/div><div class=\"fusion-separator fusion-full-width-sep\" style=\"align-self: center;margin-left: auto;margin-right: auto;margin-top:5px;margin-bottom:25px;width:100%;\"><div class=\"fusion-separator-border sep-single sep-dotted\" style=\"--awb-height:20px;--awb-amount:20px;--awb-sep-color:#727272;border-color:#727272;border-top-width:2px;\"><\/div><\/div><\/div><\/div><div class=\"fusion-layout-column fusion_builder_column fusion-builder-column-1 fusion_builder_column_1_2 1_2 fusion-flex-column\" style=\"--awb-bg-size:cover;--awb-border-color:#727272;--awb-border-style:dotted;--awb-width-large:50%;--awb-margin-top-large:0px;--awb-spacing-right-large:3.84%;--awb-margin-bottom-large:20px;--awb-spacing-left-large:3.84%;--awb-width-medium:50%;--awb-order-medium:0;--awb-spacing-right-medium:3.84%;--awb-spacing-left-medium:3.84%;--awb-width-small:100%;--awb-order-small:0;--awb-spacing-right-small:1.92%;--awb-spacing-left-small:1.92%;\"><div class=\"fusion-column-wrapper fusion-column-has-shadow fusion-flex-justify-content-flex-start fusion-content-layout-column\"><div class=\"fusion-separator fusion-full-width-sep\" style=\"align-self: center;margin-left: auto;margin-right: auto;margin-top:5px;margin-bottom:25px;width:100%;\"><div class=\"fusion-separator-border sep-single sep-dotted\" style=\"--awb-height:20px;--awb-amount:20px;--awb-sep-color:#727272;border-color:#727272;border-top-width:2px;\"><\/div><\/div><div class=\"fusion-text fusion-text-13 fusion-text-no-margin\" style=\"--awb-margin-bottom:10px;--awb-text-font-family:&quot;Poppins&quot;;--awb-text-font-style:normal;--awb-text-font-weight:400;\"><p style=\"margin: 0cm; margin-bottom: .0001pt; background: #F7F7EE;\"><strong><span style=\"font-family: 'Poppins','serif'; color: #e10713;\">07.<\/span><\/strong><strong><span style=\"font-family: 'Poppins','serif'; color: black;\">\u00a0\u00bf<\/span><\/strong><b><span style=\"font-family: 'Poppins','serif'; color: black;\">Cu\u00e1ntas preguntas tiene una prueba?<\/span><\/b><\/p>\n<\/div><div class=\"fusion-text fusion-text-14\" style=\"--awb-text-font-family:&quot;Poppins&quot;;--awb-text-font-style:normal;--awb-text-font-weight:400;\"><p style=\"background: #F7F7EE; margin: 0cm 0cm 15.0pt 0cm;\"><span style=\"font-family: 'Poppins','serif'; color: black;\">Tanto en catal\u00e1n como en castellano\u00a0<b>los alumnos de segundo<\/b> deben leer tres lecturas y responder a seis preguntas de cada lectura. En total 18 preguntas. <b>Los alumnos de tercero a sexto<\/b> deben leer cuatro lecturas y responder, tambi\u00e9n, a seis preguntas de cada lectura. En total 24 preguntas. En ingl\u00e9s deben leer tres textos y en funci\u00f3n del curso las preguntas var\u00edan desde 12 hasta 18.<\/span><\/p>\n<\/div><div class=\"fusion-separator fusion-full-width-sep\" style=\"align-self: center;margin-left: auto;margin-right: auto;margin-top:5px;margin-bottom:25px;width:100%;\"><div class=\"fusion-separator-border sep-single sep-dotted\" style=\"--awb-height:20px;--awb-amount:20px;--awb-sep-color:#727272;border-color:#727272;border-top-width:2px;\"><\/div><\/div><div class=\"fusion-text fusion-text-15 fusion-text-no-margin\" style=\"--awb-margin-bottom:10px;--awb-text-font-family:&quot;Poppins&quot;;--awb-text-font-style:normal;--awb-text-font-weight:400;\"><p><strong>08.<\/strong><strong>\u00a0\u00bf<\/strong><strong>Cu\u00e1nto tiempo tiene el alumnado para hacer una prueba? <\/strong><\/p>\n<\/div><div class=\"fusion-text fusion-text-16\" style=\"--awb-text-font-family:&quot;Poppins&quot;;--awb-text-font-style:normal;--awb-text-font-weight:400;\"><p>La duraci\u00f3n media de una prueba se sit\u00faa entre\u00a0 60 y 75 minutos. Teniendo en cuenta la diversidad del alumnado, algunos realizar\u00e1n la prueba en menos tiempo y otros necesitar\u00e1n m\u00e1s.<\/p>\n<\/div><div class=\"fusion-separator fusion-full-width-sep\" style=\"align-self: center;margin-left: auto;margin-right: auto;margin-top:5px;margin-bottom:25px;width:100%;\"><div class=\"fusion-separator-border sep-single sep-dotted\" style=\"--awb-height:20px;--awb-amount:20px;--awb-sep-color:#727272;border-color:#727272;border-top-width:2px;\"><\/div><\/div><div class=\"fusion-text fusion-text-17 fusion-text-no-margin\" style=\"--awb-margin-bottom:10px;--awb-text-font-family:&quot;Poppins&quot;;--awb-text-font-style:normal;--awb-text-font-weight:400;\"><p style=\"margin: 0cm; margin-bottom: .0001pt; background: #F7F7EE;\"><strong><span style=\"font-family: 'Poppins','serif'; color: #e10713;\">09.<\/span><\/strong><strong><span style=\"font-family: 'Poppins','serif'; color: black;\">\u00a0\u00bfSe puede hacer una prueba en dos partes?<\/span><\/strong><\/p>\n<\/div><div class=\"fusion-text fusion-text-18\" style=\"--awb-text-font-family:&quot;Poppins&quot;;--awb-text-font-style:normal;--awb-text-font-weight:400;\"><p>S\u00ed. Si el profesor\/a lo cree oportuno, un alumno\/a puede realizar la prueba en dos partes (por ejemplo, hoy y ma\u00f1ana). Cuando el alumno\/a acabe todas las preguntas de un texto, puede salir de la aplicaci\u00f3n y, cuando al d\u00eda siguiente retome la prueba, lo har\u00e1 \u00a0en la lectura siguiente.<\/p>\n<\/div><div class=\"fusion-separator fusion-full-width-sep\" style=\"align-self: center;margin-left: auto;margin-right: auto;margin-top:5px;margin-bottom:25px;width:100%;\"><div class=\"fusion-separator-border sep-single sep-dotted\" style=\"--awb-height:20px;--awb-amount:20px;--awb-sep-color:#727272;border-color:#727272;border-top-width:2px;\"><\/div><\/div><div class=\"fusion-text fusion-text-19 fusion-text-no-margin\" style=\"--awb-margin-bottom:10px;--awb-text-font-family:&quot;Poppins&quot;;--awb-text-font-style:normal;--awb-text-font-weight:400;\"><p style=\"margin: 0cm; margin-bottom: .0001pt; background: #F7F7EE;\"><strong><span style=\"font-family: 'Poppins','serif'; color: #e10713;\">10.<\/span><\/strong><strong><span style=\"font-family: 'Poppins','serif'; color: black;\">\u00a0\u00bfTodo el alumnado de un grupo debe pasar la misma prueba?<\/span><\/strong><\/p>\n<\/div><div class=\"fusion-text fusion-text-20\" style=\"--awb-text-font-family:&quot;Poppins&quot;;--awb-text-font-style:normal;--awb-text-font-weight:400;\"><p style=\"background: #F7F7EE; margin: 0cm 0cm 15.0pt 0cm;\"><span style=\"font-family: 'Poppins','serif'; color: black;\">No. A cada alumno\/a se le puede asignar la prueba que el profesor\/a considere m\u00e1s adecuada. El ni\u00f1o\/a realizar\u00e1 la misma prueba en las dos aplicaciones.<\/span><\/p>\n<\/div><div class=\"fusion-separator fusion-full-width-sep\" style=\"align-self: center;margin-left: auto;margin-right: auto;margin-top:5px;margin-bottom:25px;width:100%;\"><div class=\"fusion-separator-border sep-single sep-dotted\" style=\"--awb-height:20px;--awb-amount:20px;--awb-sep-color:#727272;border-color:#727272;border-top-width:2px;\"><\/div><\/div><div class=\"fusion-text fusion-text-21 fusion-text-no-margin\" style=\"--awb-margin-bottom:10px;--awb-text-font-family:&quot;Poppins&quot;;--awb-text-font-style:normal;--awb-text-font-weight:400;\"><p style=\"margin: 0cm; margin-bottom: .0001pt; background: #F7F7EE;\"><strong><span style=\"font-family: 'Poppins','serif'; color: #e10713;\">11.<\/span><\/strong><strong><span style=\"font-family: 'Poppins','serif'; color: black;\">\u00a0\u00bfPuede un alumno\/a repetir una prueba?<\/span><\/strong><\/p>\n<\/div><div class=\"fusion-text fusion-text-22\" style=\"--awb-text-font-family:&quot;Poppins&quot;;--awb-text-font-style:normal;--awb-text-font-weight:400;\"><p style=\"background: #F7F7EE; margin: 0cm 0cm 15.0pt 0cm;\"><span style=\"font-family: 'Poppins','serif'; color: black;\">S\u00ed. En el caso que el profesor\/a considere que un alumno\/a debe repetir una prueba en su totalidad, se pueden borrar todas las respuestas y comenzar de nuevo desde el principio. <\/span><\/p>\n<\/div><div class=\"fusion-separator fusion-full-width-sep\" style=\"align-self: center;margin-left: auto;margin-right: auto;margin-top:5px;margin-bottom:25px;width:100%;\"><div class=\"fusion-separator-border sep-single sep-dotted\" style=\"--awb-height:20px;--awb-amount:20px;--awb-sep-color:#727272;border-color:#727272;border-top-width:2px;\"><\/div><\/div><div class=\"fusion-text fusion-text-23 fusion-text-no-margin\" style=\"--awb-margin-bottom:10px;--awb-text-font-family:&quot;Poppins&quot;;--awb-text-font-style:normal;--awb-text-font-weight:400;\"><p style=\"margin: 0cm; margin-bottom: .0001pt; background: #F7F7EE;\"><strong><span style=\"font-family: 'Poppins','serif'; color: #e10713;\">12.<\/span><\/strong><strong><span style=\"font-family: 'Poppins','serif'; color: black;\">\u00a0\u00bf<\/span><\/strong><b><span style=\"font-family: 'Poppins','serif'; color: black;\">C\u00f3mo se presentan los resultados?<\/span><\/b><\/p>\n<\/div><div class=\"fusion-text fusion-text-24\" style=\"--awb-text-font-family:&quot;Poppins&quot;;--awb-text-font-style:normal;--awb-text-font-weight:400;\"><p style=\"background: #F7F7EE; margin: 0cm 0cm 15.0pt 0cm;\"><span style=\"font-family: 'Poppins','serif'; color: black;\">De cada alumno\/a se presentan los<strong> resultados globales<\/strong> con el porcentaje de aciertos y el nivel de comprensi\u00f3n lectora. Tambi\u00e9n se pueden ver los resultados desglosados <strong>por procesos de comprensi\u00f3n<\/strong> (informativo, inferencial, comprensi\u00f3n global y evaluaci\u00f3n del texto), as\u00ed como las representaciones gr\u00e1ficas correspondientes. Cuando un alumno\/a ha finalizado la segunda aplicaci\u00f3n se presenta una <strong>comparativa de resultados<\/strong>. Despu\u00e9s de dos o m\u00e1s cursos realizando las pruebas, se puede consultar el <strong>hist\u00f3rico<\/strong> de resultados de cada alumno\/a.<\/span><\/p>\n<\/div><div class=\"fusion-separator fusion-full-width-sep\" style=\"align-self: center;margin-left: auto;margin-right: auto;margin-top:5px;margin-bottom:25px;width:100%;\"><div class=\"fusion-separator-border sep-single sep-dotted\" style=\"--awb-height:20px;--awb-amount:20px;--awb-sep-color:#727272;border-color:#727272;border-top-width:2px;\"><\/div><\/div><\/div><\/div><\/div><\/div><div class=\"fusion-fullwidth fullwidth-box fusion-builder-row-2 fusion-flex-container nonhundred-percent-fullwidth non-hundred-percent-height-scrolling\" style=\"--awb-border-radius-top-left:0px;--awb-border-radius-top-right:0px;--awb-border-radius-bottom-right:0px;--awb-border-radius-bottom-left:0px;--awb-flex-wrap:wrap;\" ><div class=\"fusion-builder-row fusion-row fusion-flex-align-items-flex-start fusion-flex-content-wrap\" style=\"max-width:1456px;margin-left: calc(-4% \/ 2 );margin-right: calc(-4% \/ 2 );\"><div class=\"fusion-layout-column fusion_builder_column fusion-builder-column-2 fusion_builder_column_1_1 1_1 fusion-flex-column\" style=\"--awb-bg-size:cover;--awb-width-large:100%;--awb-margin-top-large:0px;--awb-spacing-right-large:1.92%;--awb-margin-bottom-large:20px;--awb-spacing-left-large:1.92%;--awb-width-medium:100%;--awb-order-medium:0;--awb-spacing-right-medium:1.92%;--awb-spacing-left-medium:1.92%;--awb-width-small:100%;--awb-order-small:0;--awb-spacing-right-small:1.92%;--awb-spacing-left-small:1.92%;\"><div class=\"fusion-column-wrapper fusion-column-has-shadow fusion-flex-justify-content-flex-start fusion-content-layout-column\"><div class=\"fusion-text fusion-text-25\" style=\"--awb-content-alignment:center;--awb-font-size:20px;--awb-text-color:#ac4381;--awb-text-font-family:&quot;Poppins&quot;;--awb-text-font-style:normal;--awb-text-font-weight:400;\"><p>\u00bfNo encuentras lo que buscas?<br \/>\nEscr\u00edbenos e intentaremos resolver tus dudas.<\/p>\n<\/div><div style=\"text-align:center;\"><a class=\"fusion-button button-flat fusion-button-default-size button-default fusion-button-default button-1 fusion-button-default-span fusion-button-default-type\" style=\"--button_text_transform:uppercase;\" target=\"_self\" href=\"https:\/\/pclec.eu\/es\/contacto\/\"><span class=\"fusion-button-text\">Contacta<\/span><\/a><\/div><\/div><\/div><\/div><\/div><\/p>\n","protected":false},"excerpt":{"rendered":"","protected":false},"author":1,"featured_media":0,"parent":0,"menu_order":0,"comment_status":"closed","ping_status":"closed","template":"","meta":{"_acf_changed":false,"footnotes":""},"class_list":["post-783","page","type-page","status-publish","hentry"],"acf":[],"_links":{"self":[{"href":"https:\/\/pclec.eu\/es\/wp-json\/wp\/v2\/pages\/783","targetHints":{"allow":["GET"]}}],"collection":[{"href":"https:\/\/pclec.eu\/es\/wp-json\/wp\/v2\/pages"}],"about":[{"href":"https:\/\/pclec.eu\/es\/wp-json\/wp\/v2\/types\/page"}],"author":[{"embeddable":true,"href":"https:\/\/pclec.eu\/es\/wp-json\/wp\/v2\/users\/1"}],"replies":[{"embeddable":true,"href":"https:\/\/pclec.eu\/es\/wp-json\/wp\/v2\/comments?post=783"}],"version-history":[{"count":0,"href":"https:\/\/pclec.eu\/es\/wp-json\/wp\/v2\/pages\/783\/revisions"}],"wp:attachment":[{"href":"https:\/\/pclec.eu\/es\/wp-json\/wp\/v2\/media?parent=783"}],"curies":[{"name":"wp","href":"https:\/\/api.w.org\/{rel}","templated":true}]}}